{"id":222,"date":"2023-05-13T13:43:50","date_gmt":"2023-05-13T13:43:50","guid":{"rendered":"https:\/\/www.campus-alfacar.com\/?page_id=222"},"modified":"2023-05-13T13:44:44","modified_gmt":"2023-05-13T13:44:44","slug":"politica-de-privacidad","status":"publish","type":"page","link":"https:\/\/www.campus-alfacar.com\/?page_id=222","title":{"rendered":"Pol\u00edtica de privacidad"},"content":{"rendered":"\n<h2 class=\"wp-block-heading\">Menores de edad<\/h2>\n\n\n\n<p>En el caso de los menores de trece a\u00f1os se requiere el consentimiento de los padres o tutores para el tratamiento de sus datos personales.<\/p>\n\n\n\n<p>En ning\u00fan caso se recabar\u00e1n del menor de edad datos relativos a la situaci\u00f3n profesional, econ\u00f3mica o a la intimidad de los otros miembros de la familia, sin el consentimiento de \u00e9stos.<\/p>\n\n\n\n<p>Si eres menor de trece a\u00f1os y has accedido a este sitio web sin avisar a tus padres <strong>no debes registrarte como usuario.<\/strong><\/p>\n\n\n\n<h2 class=\"wp-block-heading\">Algunos principios que debes conocer<\/h2>\n\n\n\n<p>En SERIN SPORT es una prioridad el respeto y la protecci\u00f3n de los datos personales de los usuarios. Como usuario debes saber que tus derechos est\u00e1n garantizados en esta web.<\/p>\n\n\n\n<p>Me he esforzado en crear un espacio seguro y confiable y por eso quiero compartir mis principios respecto a tu privacidad:<\/p>\n\n\n\n<ul class=\"wp-block-list\">\n<li>Nunca solicito informaci\u00f3n personal a menos que realmente sea necesaria.<\/li>\n\n\n\n<li>Nunca comparto informaci\u00f3n personal de mis usuarios con nadie, excepto para cumplir con la ley o en caso de que cuente con tu autorizaci\u00f3n expresa.<\/li>\n\n\n\n<li>Nunca utilizo tus datos personales con una finalidad diferente a la expresada en esta pol\u00edtica de privacidad.<\/li>\n<\/ul>\n\n\n\n<p>Esta Pol\u00edtica de Privacidad podr\u00eda variar en funci\u00f3n de exigencias legislativas o de autorregulaci\u00f3n, por lo que te aconsejo como usuario que la visites peri\u00f3dicamente. Ser\u00e1 aplicable en caso de que los usuarios decidan rellenar cualquiera de sus formularios de contacto donde se recaben datos de car\u00e1cter personal.<\/p>\n\n\n\n<h2 class=\"wp-block-heading\">Regulaciones legales a las que se acoge esta web<\/h2>\n\n\n\n<p>SERIN SPORT ha adecuado esta web a las exigencias de la Ley Org\u00e1nica 15\/1999, de 13 de diciembre, de Protecci\u00f3n de Datos de Car\u00e1cter Personal (LOPD), y al Real Decreto 1720\/2007, de 21 de diciembre, conocido como el Reglamento de desarrollo de la LOPD. Cumple tambi\u00e9n con el Reglamento (UE) 2016\/679 del Parlamento Europeo y del Consejo de 27 de abril de 2016 relativo a la protecci\u00f3n de las personas f\u00edsicas (RGPD), as\u00ed como con la Ley 34\/2002, de 11 de julio, de Servicios de la Sociedad de la Informaci\u00f3n y Comercio Electr\u00f3nico (LSSICE o LSSI).<\/p>\n\n\n\n<h2 class=\"wp-block-heading\">Responsable del tratamiento de tus datos personales<\/h2>\n\n\n\n<ul class=\"wp-block-list\">\n<li><strong>Titular<\/strong>: SERIN SPORT S.L. CIF: B19552439<\/li>\n\n\n\n<li><strong>Domicilio<\/strong>: C\/Siller\u00eda del Cerrillo,1-A 18014 Granada.<\/li>\n\n\n\n<li><strong>Correo electr\u00f3nico<\/strong>: p.garcia@sinergyasport.com<\/li>\n<\/ul>\n\n\n\n<p>A efectos de lo previsto en el Reglamento General de Protecci\u00f3n de Datos antes citado, los datos personales que me env\u00edes a trav\u00e9s de los formularios de la web recibir\u00e1n el tratamiento de datos de \u201cUsuarios de la web y suscriptores\u201d.<\/p>\n\n\n\n<p>Para el tratamiento de datos de mis usuarios implemento todas las medidas t\u00e9cnicas y organizativas de seguridad establecidas en la legislaci\u00f3n vigente.<\/p>\n\n\n\n<h2 class=\"wp-block-heading\">\u00bfC\u00f3mo he obtenido tus datos?<\/h2>\n\n\n\n<p>Los datos personales que trato en SERIN SPORT proceden de:<\/p>\n\n\n\n<ul class=\"wp-block-list\">\n<li>Formulario de contacto.<\/li>\n\n\n\n<li>Formulario de suscripci\u00f3n.<\/li>\n\n\n\n<li>Comentarios en el blog.<\/li>\n\n\n\n<li>Registro de cuenta.<\/li>\n<\/ul>\n\n\n\n<h2 class=\"wp-block-heading\">\u00bfCu\u00e1les son tus derechos cuando me facilitas tus datos?<\/h2>\n\n\n\n<p>Cualquier persona tiene derecho a obtener confirmaci\u00f3n sobre si en SERIN SPORT estoy tratando datos personales que me conciernen o no. Las personas interesadas tienen derecho a:<\/p>\n\n\n\n<ul class=\"wp-block-list\">\n<li>Solicitar el acceso a los datos personales relativos al interesado.<\/li>\n\n\n\n<li>Solicitar su rectificaci\u00f3n o supresi\u00f3n.<\/li>\n\n\n\n<li>Solicitar la limitaci\u00f3n de su tratamiento.<\/li>\n\n\n\n<li>Oponerse al tratamiento. &nbsp;<\/li>\n\n\n\n<li>Solicitar la portabilidad de los datos.<\/li>\n<\/ul>\n\n\n\n<p>Los interesados podr\u00e1n <strong>acceder<\/strong>a sus datos personales, as\u00ed como a solicitar la <strong>rectificaci\u00f3n<\/strong>de datos inexactos o, en su caso, a solicitar su <strong>supresi\u00f3n<\/strong>cuando, entre otros motivos, los datos ya no sean necesarios para los fines que fueron recogidos.<\/p>\n\n\n\n<p>En determinadas circunstancias, los interesados podr\u00e1n solicitar la <strong>limitaci\u00f3n<\/strong>del tratamiento de sus datos, en cuyo caso, \u00fanicamente los conservar\u00e9 para el ejercicio o la defensa de reclamaciones.<\/p>\n\n\n\n<p>En determinadas circunstancias y por motivos relacionados con su situaci\u00f3n particular, los interesados podr\u00e1n <strong>oponerse<\/strong>al tratamiento de sus datos. SERIN SPORT dejar\u00e1 de tratar los datos, salvo por motivos leg\u00edtimos imperiosos, o el ejercicio o la defensa de posibles reclamaciones. Tambi\u00e9n podr\u00e1n solicitar la <strong>portabilidad<\/strong> de sus datos.<\/p>\n\n\n\n<p>Los interesados tambi\u00e9n tendr\u00e1n derecho a la tutela judicial efectiva y a presentar una reclamaci\u00f3n ante la autoridad de control, en este caso, la Agencia Espa\u00f1ola de Protecci\u00f3n de Datos, si consideran que el tratamiento de datos personales que le conciernen infringe el Reglamento.<\/p>\n\n\n\n<h2 class=\"wp-block-heading\">\u00bfCon qu\u00e9 finalidad trato tus datos personales?<\/h2>\n\n\n\n<p>Cuando un usuario se conecta con esta web por ejemplo para comentar un post, mandar un correo al titular, suscribirse o realizar alguna contrataci\u00f3n, est\u00e1 facilitando informaci\u00f3n de car\u00e1cter personal de la que es responsable SERIN SPORT. Esa informaci\u00f3n puede incluir datos de car\u00e1cter personal como pueden ser tu direcci\u00f3n IP, nombre, direcci\u00f3n f\u00edsica, direcci\u00f3n de correo electr\u00f3nico, n\u00famero de tel\u00e9fono y otra informaci\u00f3n. Al facilitar esta informaci\u00f3n, el usuario da su consentimiento para que su informaci\u00f3n sea recopilada, utilizada, gestionada y almacenada por SERIN SPORT s\u00f3lo como se describe en el Aviso Legal y en la presente Pol\u00edtica de Privacidad.<\/p>\n\n\n\n<p>En SERIN SPORT existen diferentes sistemas de captura de informaci\u00f3n personal :<\/p>\n\n\n\n<ol class=\"wp-block-list\">\n<li><strong>Formulario de contacto.<\/strong><\/li>\n\n\n\n<li><strong>Formulario de suscripci\u00f3n a contenidos.<\/strong><\/li>\n\n\n\n<li><strong>Formulario de alta para comentarios del blog.<\/strong><\/li>\n\n\n\n<li><strong>Formulario de registro de cuenta.<\/strong><\/li>\n<\/ol>\n\n\n\n<ul class=\"wp-block-list\">\n<li>Para garantizar el cumplimiento de las condiciones de uso y la ley aplicable. Esto puede incluir el desarrollo de herramientas y algoritmos que ayudan a esta web a garantizar la confidencialidad de los datos personales que recoge.<\/li>\n\n\n\n<li>Para apoyar y mejorar los servicios que ofrece esta web.<\/li>\n\n\n\n<li>Tambi\u00e9n se recogen otros datos no identificativos que se obtienen mediante algunas cookies que se descargan en el ordenador del usuario cuando navega en esta web que detallo en la pol\u00edtica de cookies.<\/li>\n\n\n\n<li>Para gestionar las redes sociales. SERIN SPORT puede tener presencia en redes sociales. El tratamiento de los datos que se lleve a cabo de las &nbsp;personas que se hagan seguidoras en las redes sociales de las p\u00e1ginas oficiales de SERIN SPORT, se regir\u00e1 por este apartado. As\u00ed como por aquellas condiciones de uso, pol\u00edticas de privacidad y normativas de acceso que pertenezcan a la red social que proceda en cada caso y aceptadas previamente por el usuario de SERIN SPORT. Tratar\u00e1 sus datos con las finalidades de administrar correctamente su presencia en la red social, informando de actividades, productos o servicios de SERIN SPORT. &nbsp;As\u00ed como para cualquier otra finalidad que las normativas de las redes sociales permitan. En ning\u00fan caso utilizar\u00e9 los perfiles de seguidores en redes sociales para enviar publicidad de manera individual.<\/li>\n<\/ul>\n\n\n\n<p>SERIN SPORT, no vende, alquila ni cede datos de car\u00e1cter personal que puedan identificar al usuario, ni lo har\u00e1 en el futuro, a terceros sin el consentimiento previo. Sin embargo, en algunos casos se pueden realizar colaboraciones con otros profesionales, en esos casos, se requerir\u00e1 consentimiento a los usuarios informando sobre la identidad del colaborador y la finalidad de la colaboraci\u00f3n. Siempre se realizar\u00e1 con los m\u00e1s estrictos est\u00e1ndares de seguridad.<\/p>\n\n\n\n<h2 class=\"wp-block-heading\">Legitimaci\u00f3n para el tratamiento de tus datos<\/h2>\n\n\n\n<p>La base legal para el tratamiento de sus datos es: <strong>el consentimiento.<\/strong><\/p>\n\n\n\n<p>Para contactar o realizar comentarios en esta web se requiere el consentimiento con esta pol\u00edtica de privacidad.<\/p>\n\n\n\n<p>La oferta prospectiva o comercial de productos y servicios est\u00e1 basada tambi\u00e9n en el consentimiento que se le solicita, sin que en ning\u00fan caso la retirada de este consentimiento condicione la ejecuci\u00f3n del contrato de suscripci\u00f3n. Tambi\u00e9n la contrataci\u00f3n de productos y servicios &nbsp;seg\u00fan los t\u00e9rminos y condiciones que constan en la pol\u00edtica comercial.<\/p>\n\n\n\n<h2 class=\"wp-block-heading\">\u00bfPor cu\u00e1nto tiempo conservar\u00e9 tus datos?<\/h2>\n\n\n\n<p>Los datos personales proporcionados se conservar\u00e1n:<\/p>\n\n\n\n<ul class=\"wp-block-list\">\n<li>Mientras se mantenga la relaci\u00f3n mercantil.<\/li>\n\n\n\n<li>No se solicite su supresi\u00f3n por parte del interesado.<\/li>\n<\/ul>\n\n\n\n<h2 class=\"wp-block-heading\">\u00bfA qu\u00e9 destinatarios se comunicar\u00e1n tus datos?<\/h2>\n\n\n\n<p>Para prestar servicios estrictamente necesarios para el desarrollo de la actividad, SERIN SPORT, comparte datos con los siguientes prestadores bajo sus correspondientes condiciones de privacidad.<\/p>\n\n\n\n<p>Todas las utilidades ofrecidas por terceros son estrictamente necesarias para el desarrollo de mis servicios y han sido seleccionadas atendiendo al cumplimiento de los derechos que preservo en esta web.<\/p>\n\n\n\n<p>Las siguientes empresas tendr\u00e1n acceso a la informaci\u00f3n personal necesaria para realizar sus funciones como encargados de tratamiento, pero no podr\u00e1n utilizarla para otros fines. Adem\u00e1s, deber\u00e1n tratar la informaci\u00f3n personal de conformidad con la presente Pol\u00edtica de Privacidad y la legislaci\u00f3n aplicable en materia de protecci\u00f3n de datos.<\/p>\n\n\n\n<p><strong>Hosting:<\/strong>OVH trata los datos con la finalidad de realizar sus servicios como proveedor de hosting a SERIN SPORT<\/p>\n\n\n\n<p><strong>Email marketing:<\/strong>The Rocket Science Group LLC (Mailchimp), con domicilio en EEUU. M\u00e1s informaci\u00f3n en <a href=\"http:\/\/mailchimp.com\/legal\/privacy\/\">www.mailchimp.com<\/a>The Rocket Science Group LLC (Mailchimp) trata los datos con la finalidad de realizar sus servicios de gesti\u00f3n de email marketing a SERIN SPORT.<\/p>\n\n\n\n<p><strong>Google Analytics<\/strong>: un servicio anal\u00edtico de web prestado por Google, Inc., una compa\u00f1\u00eda de Delaware cuya oficina principal est\u00e1 en 1600 Amphitheatre Parkway, Mountain View (California), CA 94043, Estados Unidos (\u201cGoogle\u201d). Google Analytics utiliza \u201ccookies\u201d, que son archivos de texto ubicados en tu ordenador, para ayudar a &nbsp;SERIN SPORT a analizar el uso que hacen los usuarios del sitio web. La informaci\u00f3n que genera la cookie acerca de su uso de SERIN SPORT (incluyendo tu direcci\u00f3n IP) ser\u00e1 directamente transmitida y archivada por Google en los servidores de Estados Unidos.<\/p>\n\n\n\n<p><strong>Google Adsense: <\/strong>Esta web est\u00e1 asociada a Google para mostrar anuncios a los usuarios que acceden a esta web. Al colaborar con google, se utilizan cookies para mostrarte anuncios relacionados con tus b\u00fasquedas recientes y mostrarte anuncios m\u00e1s relevantes. Se incluyen en este tipo de cookies servicios de terceros como: AdSense, AdWords y Google Analytics, as\u00ed como una serie de servicios de la marca DoubleClick. Al visitar esta p\u00e1gina, se env\u00edan cookies procedentes de esos servicios a tu navegador. Consulta m\u00e1s informaci\u00f3n sobre los <a href=\"https:\/\/www.google.es\/intl\/es\/policies\/technologies\/types\/\">tipos de cookies que utiliza Google<\/a>, y descubre <a href=\"https:\/\/www.google.es\/intl\/es\/policies\/technologies\/cookies\/\">c\u00f3mo Google utiliza estas cookies<\/a>.<\/p>\n\n\n\n<p>Puedes utilizar la <a href=\"https:\/\/www.google.com\/ads\/preferences\/?hl=es\">configuraci\u00f3n de anuncios<\/a>para administrar los anuncios de Google que se te muestran e indicar que no se muestren anuncios basados en tus intereses. Aunque decidas no recibir este tipo de anuncios, pueden seguir apareciendo en funci\u00f3n de factores como tu ubicaci\u00f3n general derivada de la direcci\u00f3n. Los servicios de inclusi\u00f3n en directorio &nbsp;ser\u00e1n gratuitos referenciados en la propia web, SERIN SPORT procurar\u00e1 que las fichas y anuncios que aparecen en la Web expresen informaci\u00f3n veraz y se mantengan actualizadas, si bien no garantiza la exactitud en todo momento de los datos consignados en las mismas.<\/p>\n\n\n\n<h2 class=\"wp-block-heading\">Datos de navegaci\u00f3n<\/h2>\n\n\n\n<p>Al navegar por SERIN SPORT se pueden recoger datos no identificables, que pueden incluir, direcciones IP, ubicaci\u00f3n geogr\u00e1fica (aproximadamente), un registro de c\u00f3mo se utilizan los servicios y sitios, y otros datos que no pueden ser utilizados para identificar al usuario. Entre los datos no identificativos est\u00e1n tambi\u00e9n los relacionados a tus h\u00e1bitos de navegaci\u00f3n a trav\u00e9s de servicios de terceros. Esta web utiliza los siguientes servicios de an\u00e1lisis de terceros:<\/p>\n\n\n\n<ul class=\"wp-block-list\">\n<li>Google Analytics.<\/li>\n\n\n\n<li>Search Console.<\/li>\n<\/ul>\n\n\n\n<p>Utilizo esta informaci\u00f3n para analizar tendencias, administrar el sitio, rastrear los movimientos de los usuarios alrededor del sitio y para recopilar informaci\u00f3n demogr\u00e1fica sobre nuestra base de usuarios en su conjunto.<\/p>\n\n\n\n<h2 class=\"wp-block-heading\">Tus derechos al facilitar tus datos personales<\/h2>\n\n\n\n<p>Cualquier persona tiene derecho a obtener confirmaci\u00f3n sobre si en SERIN SPORT se est\u00e1n tratando datos personales que les conciernan, o no.<\/p>\n\n\n\n<p>Las personas interesadas tienen derecho a acceder a sus datos personales, as\u00ed como a solicitar la rectificaci\u00f3n de los datos inexactos o, en su caso, solicitar su supresi\u00f3n cuando, entre otros motivos, los datos ya no sean necesarios para los fines que fueron recogidos.<\/p>\n\n\n\n<p>En determinadas circunstancias, los interesados podr\u00e1n solicitar la limitaci\u00f3n del tratamiento de sus datos, en cuyo caso \u00fanicamente los conservaremos para el ejercicio o la defensa de reclamaciones.<\/p>\n\n\n\n<p>En determinadas circunstancias y por motivos relacionados con su situaci\u00f3n particular, los interesados podr\u00e1n oponerse al tratamiento de sus datos.<\/p>\n\n\n\n<p>SERIN SPORT dejar\u00e1 de tratar los datos, salvo por motivos leg\u00edtimos imperiosos, o el ejercicio o la defensa de posibles reclamaciones.<\/p>\n\n\n\n<p>Podr\u00e1 ejercitar materialmente sus derechos por correo electr\u00f3nico a p.garcia@sinergyasport.com<\/p>\n\n\n\n<h2 class=\"wp-block-heading\">Secreto y seguridad de los datos<\/h2>\n\n\n\n<p>SERIN SPORT se compromete en el uso y tratamiento de los datos personales incluidos de los usuarios, respetando su confidencialidad y a utilizarlos de acuerdo con la finalidad de los mismos, as\u00ed como a dar cumplimiento a su obligaci\u00f3n de guardarlos y adaptar todas las medidas para evitar la alteraci\u00f3n, p\u00e9rdida, tratamiento o acceso no autorizado (Como los protocolos Https que utilizo), de conformidad con lo establecido en la normativa vigente de protecci\u00f3n de datos.<\/p>\n\n\n\n<p>SERIN SPORT no puede garantizar la absoluta inexpugnabilidad de la red de Internet y por tanto, la violaci\u00f3n de los datos mediante accesos fraudulentos a ellos por parte de terceros.<\/p>\n\n\n\n<h2 class=\"wp-block-heading\">Exactitud y veracidad de los datos<\/h2>\n\n\n\n<p>Como usuario, eres el \u00fanico responsable de la veracidad y correcci\u00f3n de los datos que remitas a SERIN SPORT exonerando a SERIN SPORT de cualquier responsabilidad al respecto. Los usuarios garantizan y responden, en cualquier caso, de la exactitud, vigencia y autenticidad de los datos personales facilitados y se comprometen a mantenerlos debidamente actualizados. El usuario acepta proporcionar informaci\u00f3n completa y correcta en el formulario de contacto o suscripci\u00f3n.<\/p>\n\n\n\n<h2 class=\"wp-block-heading\">Aceptaci\u00f3n y consentimiento<\/h2>\n\n\n\n<p>El usuario declara haber sido informado de las condiciones sobre protecci\u00f3n de datos de car\u00e1cter personal, aceptando y consintiendo el tratamiento de los mismos por parte de SERIN SPORT en la forma y para las finalidades indicadas en esta pol\u00edtica de privacidad<\/p>\n\n\n\n<h2 class=\"wp-block-heading\">Cambios en la pol\u00edtica de privacidad<\/h2>\n\n\n\n<p>SERIN SPORT, se reserva el derecho a modificar la presente pol\u00edtica para adaptarla a novedades legislativas o jurisprudenciales, as\u00ed como a pr\u00e1cticas de la industria. En dichos supuestos, el Prestador anunciar\u00e1 en esta p\u00e1gina los cambios introducidos con razonable antelaci\u00f3n a su puesta en pr\u00e1ctica.<\/p>\n\n\n\n<h2 class=\"wp-block-heading\">Correos comerciales<\/h2>\n\n\n\n<p>De acuerdo con la LSSICE, SERIN SPORT no realiza pr\u00e1cticas de SPAM, por lo que no env\u00eda correos comerciales por v\u00eda electr\u00f3nica que no hayan sido previamente solicitados o autorizados por el usuario. En consecuencia, en cada uno de los formularios habidos en la web, el usuario tiene la posibilidad de dar su consentimiento expreso para recibir el bolet\u00edn, con independencia de la informaci\u00f3n comercial puntualmente solicitada.<\/p>\n\n\n\n<p>Conforme a lo dispuesto en la Ley 34\/2002 de Servicios de la Sociedad de la Informaci\u00f3n y de comercio electr\u00f3nico, SERIN SPORT se compromete a no enviar comunicaciones de car\u00e1cter comercial sin identificarlas debidamente.<\/p>\n","protected":false},"excerpt":{"rendered":"<p>Menores de edad En el caso de los menores de trece a\u00f1os se requiere el consentimiento de los padres o tutores para el tratamiento de sus datos personales. En ning\u00fan caso se recabar\u00e1n del menor de edad datos relativos a la situaci\u00f3n profesional, econ\u00f3mica o a la intimidad de los otros miembros de la familia, [&hellip;]<\/p>\n","protected":false},"author":1,"featured_media":0,"parent":0,"menu_order":0,"comment_status":"closed","ping_status":"closed","template":"","meta":{"footnotes":""},"class_list":["post-222","page","type-page","status-publish","hentry"],"_links":{"self":[{"href":"https:\/\/www.campus-alfacar.com\/index.php?rest_route=\/wp\/v2\/pages\/222","targetHints":{"allow":["GET"]}}],"collection":[{"href":"https:\/\/www.campus-alfacar.com\/index.php?rest_route=\/wp\/v2\/pages"}],"about":[{"href":"https:\/\/www.campus-alfacar.com\/index.php?rest_route=\/wp\/v2\/types\/page"}],"author":[{"embeddable":true,"href":"https:\/\/www.campus-alfacar.com\/index.php?rest_route=\/wp\/v2\/users\/1"}],"replies":[{"embeddable":true,"href":"https:\/\/www.campus-alfacar.com\/index.php?rest_route=%2Fwp%2Fv2%2Fcomments&post=222"}],"version-history":[{"count":2,"href":"https:\/\/www.campus-alfacar.com\/index.php?rest_route=\/wp\/v2\/pages\/222\/revisions"}],"predecessor-version":[{"id":224,"href":"https:\/\/www.campus-alfacar.com\/index.php?rest_route=\/wp\/v2\/pages\/222\/revisions\/224"}],"wp:attachment":[{"href":"https:\/\/www.campus-alfacar.com\/index.php?rest_route=%2Fwp%2Fv2%2Fmedia&parent=222"}],"curies":[{"name":"wp","href":"https:\/\/api.w.org\/{rel}","templated":true}]}}